{"id":19,"date":"2022-09-04T16:45:54","date_gmt":"2022-09-04T14:45:54","guid":{"rendered":"http:\/\/palaszewski.com\/?page_id=19"},"modified":"2022-10-04T22:17:05","modified_gmt":"2022-10-04T20:17:05","slug":"media-o-nas","status":"publish","type":"page","link":"https:\/\/gorydlamilosza.pl\/index.php\/media-o-nas\/","title":{"rendered":"Media o nas"},"content":{"rendered":"\n<p>31.07.2022 &#8211; \u015al\u0105zag, <strong>G\u00f3ry dla Mi\u0142osza IV<\/strong> &#8211; <a href=\"https:\/\/www.slazag.pl\/milosz-palaszewski-mlody-zdbywa-najdzikszych-gor-europy-maszeruje-mimo-przeciwnosci-losu\">wywiad<\/a><br>17.02.2022 \u2013 TVN, Dzie\u0144 Dobry TVN,\u00a0<strong>Bajka\u0142 dla Mi\u0142osza<\/strong>\u00a0\u2013\u00a0<a rel=\"noreferrer noopener\" href=\"https:\/\/dziendobry.tvn.pl\/podroze\/bajkal-dla-milosza-czyli-bicie-rekordu-guinnessa-na-rosyjskim-jeziorze-5602949\" target=\"_blank\">nagranie<\/a><br>23.08.2021 \u2013 Polskie Radio Katowice,\u00a0<strong>G\u00f3ry dla Mi\u0142osza III<\/strong>\u00a0\u2013\u00a0<a href=\"https:\/\/bit.ly\/3lLPs6D?fbclid=IwAR0g-7BmpNRuQHFvGf95-CXyHmpbaUarC-GLaQoCZRaeJqxGe4rfD_p9owg\">nagranie<\/a><br>4.08.2021 \u2013 Tatromaniak,\u00a0<strong>G\u00f3ry dla Mi\u0142osza III<\/strong>\u00a0\u2013\u00a0<a href=\"https:\/\/tatromaniak.pl\/aktualnosci\/milosz-znow-zadziwia-niepelnosprawny-chlopiec-przeszedl-100-km-po-gorach-ukrainy\/\">\u201eMi\u0142osz zn\u00f3w zadziwia! Niepe\u0142nosprawny ch\u0142opiec przeszed\u0142 100 km po g\u00f3rach Ukrainy\u201d<\/a><br>1.09.2020 \u2013 TVN, Dzie\u0144 dobry TVN,\u00a0<strong>G\u00f3ry dla Mi\u0142osza II<\/strong>\u00a0\u2013\u00a0<a rel=\"noreferrer noopener\" href=\"https:\/\/dziendobry.tvn.pl\/podroze\/polska\/7-letni-milosz-palaszewski-przeszedl-gran-tatr-niznych-mimo-mozgowego-porazenia-dzieciego-da315594-5322897\" target=\"_blank\">nagranie<\/a><br>20.08.2022 \u2013 Przewodnik Katolicki,\u00a0<strong>G\u00f3ry dla Mi\u0142osza II<\/strong>\u00a0<a rel=\"noreferrer noopener\" href=\"https:\/\/www.przewodnik-katolicki.pl\/Archiwum\/2020\/Przewodnik-Katolicki-38-2020\/Reportaz\/Male-kroki-Milosza\" target=\"_blank\">\u201eMa\u0142e kroki Mi\u0142osza\u201d<\/a><br>31.08.2020 \u2013 TVP3 Katowice,\u00a0<strong>G\u00f3ry dla Mi\u0142osza II<\/strong>\u00a0\u2013\u00a0<a href=\"https:\/\/bit.ly\/3lLPs6D?fbclid=IwAR0g-7BmpNRuQHFvGf95-CXyHmpbaUarC-GLaQoCZRaeJqxGe4rfD_p9owg\">nagranie<\/a><br>4.10.2019 \u2013 Dziennik Zachodni,\u00a0<strong>G\u00f3ry dla Mi\u0142osza I<\/strong>\u00a0<a rel=\"noreferrer noopener\" href=\"https:\/\/plus.dziennikzachodni.pl\/stroma-droga-do-marzen-przeniesli-gory-dla-milosza-niepelnosprawny-chlopiec-zostal-najmlodszym-zdobywca-malego-szlaku\/ar\/c7-14472877\" target=\"_blank\">\u201eStroma droga do marze\u0144. Przenie\u015bli \u201eG\u00f3ry dla Mi\u0142osza\u201d. Niepe\u0142nosprawny ch\u0142opiec zosta\u0142 najm\u0142odszym zdobywc\u0105 Ma\u0142ego Szlaku Beskidzkiego\u201d<\/a><br>02.10.2019 \u2013 TVP3 Katowice,\u00a0<strong>G\u00f3ry dla Mi\u0142osza I<\/strong>\u00a0\u2013\u00a0<a href=\"https:\/\/bit.ly\/2ndSabI?fbclid=IwAR05nglM2oDY5ggSVYjgZICZL7WyWuj6UKTRVPbWXXj4-Z2DC3_lvUo_APc\">nagranie<\/a><br>02.10.2019 \u2013 TVP Info,\u00a0<strong>G\u00f3ry dla Mi\u0142osza I<\/strong>\u00a0\u2013\u00a0<a href=\"https:\/\/bit.ly\/2oMg5iU?fbclid=IwAR1SqoMvYQkjFej12EiwhWmuEPQF8CQ7ppTw4y0N-fy8hm3RzJsLfqaBYTY\">nagranie<\/a><\/p>\n","protected":false},"excerpt":{"rendered":"<p>31.07.2022 &#8211; \u015al\u0105zag, G\u00f3ry dla Mi\u0142osza IV &#8211; wywiad17.02.2022 \u2013 TVN, Dzie\u0144 Dobry TVN,\u00a0Bajka\u0142 dla Mi\u0142osza\u00a0\u2013\u00a0nagranie23.08.2021 \u2013 Polskie Radio Katowice,\u00a0G\u00f3ry dla Mi\u0142osza III\u00a0\u2013\u00a0nagranie4.08.2021 \u2013 Tatromaniak,\u00a0G\u00f3ry dla Mi\u0142osza III\u00a0\u2013\u00a0\u201eMi\u0142osz zn\u00f3w zadziwia! Niepe\u0142nosprawny ch\u0142opiec przeszed\u0142 100 km po g\u00f3rach Ukrainy\u201d1.09.2020 \u2013 TVN, Dzie\u0144 dobry TVN,\u00a0G\u00f3ry dla Mi\u0142osza II\u00a0\u2013\u00a0nagranie20.08.2022 \u2013 Przewodnik Katolicki,\u00a0G\u00f3ry dla Mi\u0142osza II\u00a0\u201eMa\u0142e kroki Mi\u0142osza\u201d31.08.2020 \u2013 TVP3 Katowice,\u00a0G\u00f3ry dla Mi\u0142osza II\u00a0\u2013\u00a0nagranie4.10.2019 \u2013 Dziennik Zachodni,\u00a0G\u00f3ry dla Mi\u0142osza I\u00a0\u201eStroma droga do marze\u0144. Przenie\u015bli \u201eG\u00f3ry dla Mi\u0142osza\u201d. Niepe\u0142nosprawny ch\u0142opiec zosta\u0142 najm\u0142odszym zdobywc\u0105 Ma\u0142ego Szlaku Beskidzkiego\u201d02.10.2019 \u2013 TVP3 Katowice,\u00a0G\u00f3ry dla Mi\u0142osza I\u00a0\u2013\u00a0nagranie02.10.2019 \u2013 TVP Info,\u00a0G\u00f3ry dla Mi\u0142osza I\u00a0\u2013\u00a0nagranie<\/p>\n","protected":false},"author":1,"featured_media":0,"parent":0,"menu_order":0,"comment_status":"closed","ping_status":"closed","template":"","meta":{"footnotes":""},"class_list":["post-19","page","type-page","status-publish","hentry"],"_links":{"self":[{"href":"https:\/\/gorydlamilosza.pl\/index.php\/wp-json\/wp\/v2\/pages\/19","targetHints":{"allow":["GET"]}}],"collection":[{"href":"https:\/\/gorydlamilosza.pl\/index.php\/wp-json\/wp\/v2\/pages"}],"about":[{"href":"https:\/\/gorydlamilosza.pl\/index.php\/wp-json\/wp\/v2\/types\/page"}],"author":[{"embeddable":true,"href":"https:\/\/gorydlamilosza.pl\/index.php\/wp-json\/wp\/v2\/users\/1"}],"replies":[{"embeddable":true,"href":"https:\/\/gorydlamilosza.pl\/index.php\/wp-json\/wp\/v2\/comments?post=19"}],"version-history":[{"count":5,"href":"https:\/\/gorydlamilosza.pl\/index.php\/wp-json\/wp\/v2\/pages\/19\/revisions"}],"predecessor-version":[{"id":2593,"href":"https:\/\/gorydlamilosza.pl\/index.php\/wp-json\/wp\/v2\/pages\/19\/revisions\/2593"}],"wp:attachment":[{"href":"https:\/\/gorydlamilosza.pl\/index.php\/wp-json\/wp\/v2\/media?parent=19"}],"curies":[{"name":"wp","href":"https:\/\/api.w.org\/{rel}","templated":true}]}}